{"id":550,"date":"2024-11-06T10:14:38","date_gmt":"2024-11-06T13:14:38","guid":{"rendered":"https:\/\/xofficemoveis.com.br\/?page_id=550"},"modified":"2024-11-06T10:30:22","modified_gmt":"2024-11-06T13:30:22","slug":"politica-de-privacidade","status":"publish","type":"page","link":"https:\/\/xofficemoveis.com.br\/?page_id=550","title":{"rendered":"Pol\u00edtica de Privacidade"},"content":{"rendered":"\t\t<div data-elementor-type=\"wp-page\" data-elementor-id=\"550\" class=\"elementor elementor-550\">\n\t\t\t\t<div class=\"elementor-element elementor-element-e83b736 e-flex e-con-boxed wpr-particle-no wpr-jarallax-no wpr-parallax-no wpr-sticky-section-no wpr-equal-height-no e-con e-parent\" data-id=\"e83b736\" data-element_type=\"container\" data-e-type=\"container\">\n\t\t\t\t\t<div class=\"e-con-inner\">\n\t\t\t\t<div class=\"elementor-element elementor-element-4c5416f elementor-widget elementor-widget-text-editor\" data-id=\"4c5416f\" data-element_type=\"widget\" data-e-type=\"widget\" data-widget_type=\"text-editor.default\">\n\t\t\t\t<div class=\"elementor-widget-container\">\n\t\t\t\t\t\t\t\t\t<header class=\"py-5\"><div class=\"max-w-[1280px] mx-auto flex gap-[10px] md:text-xs text-[10px] justify-between items-center flex-col\"><div><h6 class=\"text-primary text-center\">\u00daltima atualiza\u00e7\u00e3o: 06\/11\/2024<\/h6><\/div><\/div><\/header><div class=\"max-w-[1280px] mx-auto\"><div><h2><strong>Pol\u00edtica de Privacidade<\/strong><\/h2><p class=\"__className_f483f7\">Esta Pol\u00edtica de Privacidade descreve as pol\u00edticas da X OFFICE SERVI LTDA, Rua J64 Quadra 22 Lote 13 &#8211; Bairro Mans\u00f5es Paraiso, Cidade Aparecida de Goi\u00e2nia &#8211; Goi\u00e1s 74952-430, Brasil, email: contato@xofficemoveis.com.br, telefone: +55 62 99843-6240 sobre a coleta, uso e divulga\u00e7\u00e3o de suas informa\u00e7\u00f5es que coletamos quando voc\u00ea usa nosso site (https:\/\/xofficemoveis.com.br). Ao acessar ou usar o Servi\u00e7o, voc\u00ea est\u00e1 consentindo com a coleta, uso e divulga\u00e7\u00e3o de suas informa\u00e7\u00f5es de acordo com esta Pol\u00edtica de Privacidade. Se voc\u00ea n\u00e3o concorda com o mesmo, por favor, n\u00e3o acesse ou use o Servi\u00e7o.<\/p><p class=\"__className_f483f7\">Podemos modificar esta Pol\u00edtica de Privacidade a qualquer momento sem aviso pr\u00e9vio e publicaremos a Pol\u00edtica de Privacidade revisada no Servi\u00e7o. A Pol\u00edtica revisada ser\u00e1 eficaz 30 dias a partir da data em que a Pol\u00edtica revisada for publicada no Servi\u00e7o, e seu acesso ou uso cont\u00ednuo do Servi\u00e7o ap\u00f3s esse per\u00edodo constituir\u00e1 sua aceita\u00e7\u00e3o da Pol\u00edtica de Privacidade revisada. Recomendamos, portanto, que voc\u00ea revise periodicamente esta p\u00e1gina.<\/p><h4 id=\"accordion-header-howUseInfo\" class=\"standard_h2__qp5cY __className_f483f7\">COMO UTILIZAMOS SUAS INFORMA\u00c7\u00d5ES:<\/h4><div id=\"accordion-collapse-howUseInfo\"><p class=\"__className_f483f7\">Utilizaremos as informa\u00e7\u00f5es que coletamos sobre voc\u00ea para os seguintes fins:<\/p><ul><li class=\"__className_f483f7\">Marketing\/Promocional<\/li><li class=\"__className_f483f7\">Aplicar Termos e Condi\u00e7\u00f5es<\/li><\/ul><\/div><h4 id=\"accordion-header-howShareInfo\" class=\"standard_h2__qp5cY __className_f483f7\">COMO COMPARTILHAMOS SUAS INFORMA\u00c7\u00d5ES:<\/h4><div id=\"accordion-collapse-howShareInfo\"><p class=\"__className_f483f7\">N\u00e3o transferiremos suas informa\u00e7\u00f5es pessoais para terceiros sem buscar seu consentimento, exceto em circunst\u00e2ncias limitadas conforme descrito abaixo:<\/p><p class=\"__className_f483f7\">Exigimos que tais terceiros utilizem as informa\u00e7\u00f5es pessoais que transferimos a eles apenas para o prop\u00f3sito para o qual foi transferido e n\u00e3o as mantenham por mais tempo do que \u00e9 necess\u00e1rio para cumprir o referido prop\u00f3sito.<\/p><p class=\"__className_f483f7\">Tamb\u00e9m podemos divulgar suas informa\u00e7\u00f5es pessoais para o seguinte:<\/p><ul><li class=\"__className_f483f7\">cumprir a lei aplic\u00e1vel, regulamenta\u00e7\u00e3o, ordem judicial ou outro processo legal;<\/li><li class=\"__className_f483f7\">fazer cumprir seus acordos conosco, incluindo esta Pol\u00edtica de Privacidade; ou<\/li><li class=\"__className_f483f7\">responder a alega\u00e7\u00f5es de que seu uso do Servi\u00e7o viola os direitos de terceiros.<\/li><\/ul><h5 class=\"standard_ol__LsWTQ\">Se o Servi\u00e7o ou nossa empresa for fundido ou adquirido por outra empresa, suas informa\u00e7\u00f5es ser\u00e3o um dos ativos transferidos para o novo propriet\u00e1rio.<\/h5><\/div><h4 id=\"accordion-header-yourRights\" class=\"standard_h2__qp5cY __className_f483f7\">SEUS DIREITOS:<\/h4><div id=\"accordion-collapse-yourRights\"><p class=\"__className_f483f7\">Dependendo da lei aplic\u00e1vel, voc\u00ea pode ter o direito de:<\/p><ul><li class=\"__className_f483f7\">acessar e retificar ou apagar seus dados pessoais ou receber uma c\u00f3pia de seus dados pessoais;<\/li><li class=\"__className_f483f7\">restringir ou objetar ao processamento ativo de seus dados;<\/li><li class=\"__className_f483f7\">nos pedir para compartilhar (portar) suas informa\u00e7\u00f5es pessoais para outra entidade;<\/li><li class=\"__className_f483f7\">retirar qualquer consentimento que voc\u00ea nos forneceu para processar seus dados;<\/li><li class=\"__className_f483f7\">apresentar uma reclama\u00e7\u00e3o a uma autoridade estatut\u00e1ria e outros direitos relevantes de acordo com as leis aplic\u00e1veis.<\/li><\/ul><h5 class=\"standard_ul__8rjAZ\">Para exercer esses direitos, voc\u00ea pode nos escrever para\u00a0<a class=\"standard_link__xrsNq __className_f483f7\" href=\"mailto:contato@xofficemoveis.com.br\">contato@xofficemoveis.com.br<\/a>. Responderemos \u00e0 sua solicita\u00e7\u00e3o de acordo com a lei aplic\u00e1vel.<\/h5><p class=\"__className_f483f7\">Voc\u00ea pode optar por n\u00e3o receber comunica\u00e7\u00f5es de marketing direto ou o perfil que realizamos para fins de marketing, escrevendo para n\u00f3s no\u00a0<a class=\"standard_link__xrsNq __className_f483f7\" href=\"mailto:contato@xofficemoveis.com.br\">contato@xofficemoveis.com.br<\/a>.<\/p><p class=\"__className_f483f7\">Observe que se voc\u00ea n\u00e3o permitir que coletemos ou processemos as informa\u00e7\u00f5es pessoais necess\u00e1rias ou retirar o consentimento para processar as mesmas para os fins necess\u00e1rios, voc\u00ea pode n\u00e3o conseguir acessar ou usar os servi\u00e7os para os quais suas informa\u00e7\u00f5es foram solicitadas.<\/p><\/div><h5 id=\"accordion-header-cookiesEtc\" class=\"standard_h2__qp5cY __className_f483f7\">COOKIES ETC.:<\/h5><div id=\"accordion-collapse-cookiesEtc\"><p class=\"__className_f483f7\">Para saber mais sobre como utilizamos essas tecnologias e suas escolhas em rela\u00e7\u00e3o a essas tecnologias de rastreamento, consulte nossa\u00a0<a class=\"standard_link__xrsNq __className_f483f7\" href=\"https:\/\/xofficemoveis.com.br\/?page_id=550\">Pol\u00edtica de Cookies<\/a>.<\/p><\/div><h5 id=\"accordion-header-security\" class=\"standard_h2__qp5cY __className_f483f7\">SEGURAN\u00c7A:<\/h5><div id=\"accordion-collapse-security\"><p class=\"__className_f483f7\">A seguran\u00e7a de suas informa\u00e7\u00f5es \u00e9 importante para n\u00f3s, e usaremos medidas de seguran\u00e7a razo\u00e1veis para evitar a perda, uso indevido ou altera\u00e7\u00e3o n\u00e3o autorizada de suas informa\u00e7\u00f5es sob nosso controle. No entanto, dados os riscos inerentes, n\u00e3o podemos garantir seguran\u00e7a absoluta e, consequentemente, n\u00e3o podemos garantir ou garantir a seguran\u00e7a de qualquer informa\u00e7\u00e3o que voc\u00ea nos transmita, e voc\u00ea o faz por sua pr\u00f3pria conta e risco.<\/p><\/div><h5 id=\"accordion-header-dpo\" class=\"standard_h2__qp5cY __className_f483f7\">RECLAMA\u00c7\u00c3O \/ ENCARREGADO DE DADOS:<\/h5><div id=\"accordion-collapse-dpo\"><p class=\"__className_f483f7\">Se voc\u00ea tiver alguma d\u00favida ou preocupa\u00e7\u00e3o sobre o processamento de suas informa\u00e7\u00f5es que est\u00e3o dispon\u00edveis conosco, voc\u00ea pode enviar um e-mail para o nosso Encarregado de Dados em X Office, Rua J64 Qd 22 Lt 13 Bairro Mans\u00f5es Paraiso Cidade Aparecida de Goi\u00e2nia\/Goi\u00e1s, e-mail: contato@xofficemoveis.com.br. Abordaremos suas preocupa\u00e7\u00f5es de acordo com a lei aplic\u00e1vel.<\/p><\/div><\/div><\/div>\t\t\t\t\t\t\t\t<\/div>\n\t\t\t\t<\/div>\n\t\t\t\t\t<\/div>\n\t\t\t\t<\/div>\n\t\t\t\t<\/div>\n\t\t","protected":false},"excerpt":{"rendered":"<p>\u00daltima atualiza\u00e7\u00e3o: 06\/11\/2024 Pol\u00edtica de Privacidade Esta Pol\u00edtica de Privacidade descreve as pol\u00edticas da X OFFICE SERVI LTDA, Rua J64 Quadra 22 Lote 13 &#8211; Bairro Mans\u00f5es Paraiso, Cidade Aparecida de Goi\u00e2nia &#8211; Goi\u00e1s 74952-430, Brasil, email: contato@xofficemoveis.com.br, telefone: +55 62 99843-6240 sobre a coleta, uso e divulga\u00e7\u00e3o de suas informa\u00e7\u00f5es que coletamos quando voc\u00ea usa nosso site (https:\/\/xofficemoveis.com.br). Ao acessar ou usar o Servi\u00e7o, voc\u00ea est\u00e1 consentindo com a coleta, uso e divulga\u00e7\u00e3o de suas informa\u00e7\u00f5es de acordo com esta Pol\u00edtica de Privacidade. Se voc\u00ea n\u00e3o concorda com o mesmo, por favor, n\u00e3o acesse ou use o Servi\u00e7o. Podemos modificar esta Pol\u00edtica de Privacidade a qualquer momento sem aviso pr\u00e9vio e publicaremos a Pol\u00edtica de Privacidade revisada no Servi\u00e7o. A Pol\u00edtica revisada ser\u00e1 eficaz 30 dias a partir da data em que a Pol\u00edtica revisada for publicada no Servi\u00e7o, e seu acesso ou uso cont\u00ednuo do Servi\u00e7o ap\u00f3s esse per\u00edodo constituir\u00e1 sua aceita\u00e7\u00e3o da Pol\u00edtica de Privacidade revisada. Recomendamos, portanto, que voc\u00ea revise periodicamente esta p\u00e1gina. COMO UTILIZAMOS SUAS INFORMA\u00c7\u00d5ES: Utilizaremos as informa\u00e7\u00f5es que coletamos sobre voc\u00ea para os seguintes fins: Marketing\/Promocional Aplicar Termos e Condi\u00e7\u00f5es COMO COMPARTILHAMOS SUAS INFORMA\u00c7\u00d5ES: N\u00e3o transferiremos suas informa\u00e7\u00f5es pessoais para terceiros sem buscar seu consentimento, exceto em circunst\u00e2ncias limitadas conforme descrito abaixo: Exigimos que tais terceiros utilizem as informa\u00e7\u00f5es pessoais que transferimos a eles apenas para o prop\u00f3sito para o qual foi transferido e n\u00e3o as mantenham por mais tempo do que \u00e9 necess\u00e1rio para cumprir o referido prop\u00f3sito. Tamb\u00e9m podemos divulgar suas informa\u00e7\u00f5es pessoais para o seguinte: cumprir a lei aplic\u00e1vel, regulamenta\u00e7\u00e3o, ordem judicial ou outro processo legal; fazer cumprir seus acordos conosco, incluindo esta Pol\u00edtica de Privacidade; ou responder a alega\u00e7\u00f5es de que seu uso do Servi\u00e7o viola os direitos de terceiros. Se o Servi\u00e7o ou nossa empresa for fundido ou adquirido por outra empresa, suas informa\u00e7\u00f5es ser\u00e3o um dos ativos transferidos para o novo propriet\u00e1rio. SEUS DIREITOS: Dependendo da lei aplic\u00e1vel, voc\u00ea pode ter o direito de: acessar e retificar ou apagar seus dados pessoais ou receber uma c\u00f3pia de seus dados pessoais; restringir ou objetar ao processamento ativo de seus dados; nos pedir para compartilhar (portar) suas informa\u00e7\u00f5es pessoais para outra entidade; retirar qualquer consentimento que voc\u00ea nos forneceu para processar seus dados; apresentar uma reclama\u00e7\u00e3o a uma autoridade estatut\u00e1ria e outros direitos relevantes de acordo com as leis aplic\u00e1veis. Para exercer esses direitos, voc\u00ea pode nos escrever para\u00a0contato@xofficemoveis.com.br. Responderemos \u00e0 sua solicita\u00e7\u00e3o de acordo com a lei aplic\u00e1vel. Voc\u00ea pode optar por n\u00e3o receber comunica\u00e7\u00f5es de marketing direto ou o perfil que realizamos para fins de marketing, escrevendo para n\u00f3s no\u00a0contato@xofficemoveis.com.br. Observe que se voc\u00ea n\u00e3o permitir que coletemos ou processemos as informa\u00e7\u00f5es pessoais necess\u00e1rias ou retirar o consentimento para processar as mesmas para os fins necess\u00e1rios, voc\u00ea pode n\u00e3o conseguir acessar ou usar os servi\u00e7os para os quais suas informa\u00e7\u00f5es foram solicitadas. COOKIES ETC.: Para saber mais sobre como utilizamos essas tecnologias e suas escolhas em rela\u00e7\u00e3o a essas tecnologias de rastreamento, consulte nossa\u00a0Pol\u00edtica de Cookies. SEGURAN\u00c7A: A seguran\u00e7a de suas informa\u00e7\u00f5es \u00e9 importante para n\u00f3s, e usaremos medidas de seguran\u00e7a razo\u00e1veis para evitar a perda, uso indevido ou altera\u00e7\u00e3o n\u00e3o autorizada de suas informa\u00e7\u00f5es sob nosso controle. No entanto, dados os riscos inerentes, n\u00e3o podemos garantir seguran\u00e7a absoluta e, consequentemente, n\u00e3o podemos garantir ou garantir a seguran\u00e7a de qualquer informa\u00e7\u00e3o que voc\u00ea nos transmita, e voc\u00ea o faz por sua pr\u00f3pria conta e risco. RECLAMA\u00c7\u00c3O \/ ENCARREGADO DE DADOS: Se voc\u00ea tiver alguma d\u00favida ou preocupa\u00e7\u00e3o sobre o processamento de suas informa\u00e7\u00f5es que est\u00e3o dispon\u00edveis conosco, voc\u00ea pode enviar um e-mail para o nosso Encarregado de Dados em X Office, Rua J64 Qd 22 Lt 13 Bairro Mans\u00f5es Paraiso Cidade Aparecida de Goi\u00e2nia\/Goi\u00e1s, e-mail: contato@xofficemoveis.com.br. Abordaremos suas preocupa\u00e7\u00f5es de acordo com a lei aplic\u00e1vel.<\/p>\n","protected":false},"author":1,"featured_media":0,"parent":70,"menu_order":0,"comment_status":"closed","ping_status":"closed","template":"elementor_header_footer","meta":{"footnotes":""},"class_list":["post-550","page","type-page","status-publish","hentry"],"_links":{"self":[{"href":"https:\/\/xofficemoveis.com.br\/index.php?rest_route=\/wp\/v2\/pages\/550","targetHints":{"allow":["GET"]}}],"collection":[{"href":"https:\/\/xofficemoveis.com.br\/index.php?rest_route=\/wp\/v2\/pages"}],"about":[{"href":"https:\/\/xofficemoveis.com.br\/index.php?rest_route=\/wp\/v2\/types\/page"}],"author":[{"embeddable":true,"href":"https:\/\/xofficemoveis.com.br\/index.php?rest_route=\/wp\/v2\/users\/1"}],"replies":[{"embeddable":true,"href":"https:\/\/xofficemoveis.com.br\/index.php?rest_route=%2Fwp%2Fv2%2Fcomments&post=550"}],"version-history":[{"count":10,"href":"https:\/\/xofficemoveis.com.br\/index.php?rest_route=\/wp\/v2\/pages\/550\/revisions"}],"predecessor-version":[{"id":563,"href":"https:\/\/xofficemoveis.com.br\/index.php?rest_route=\/wp\/v2\/pages\/550\/revisions\/563"}],"up":[{"embeddable":true,"href":"https:\/\/xofficemoveis.com.br\/index.php?rest_route=\/wp\/v2\/pages\/70"}],"wp:attachment":[{"href":"https:\/\/xofficemoveis.com.br\/index.php?rest_route=%2Fwp%2Fv2%2Fmedia&parent=550"}],"curies":[{"name":"wp","href":"https:\/\/api.w.org\/{rel}","templated":true}]}}